{"id":59,"date":"2020-06-03T09:25:39","date_gmt":"2020-06-03T09:25:39","guid":{"rendered":"http:\/\/industrey-demo.pbminfotech.com\/demo1\/?page_id=12842"},"modified":"2023-05-20T06:24:55","modified_gmt":"2023-05-20T06:24:55","slug":"contacto","status":"publish","type":"page","link":"https:\/\/highbury-energy.com\/?page_id=59","title":{"rendered":"Contacto"},"content":{"rendered":"\t\t<div data-elementor-type=\"wp-page\" data-elementor-id=\"59\" class=\"elementor elementor-59\">\n\t\t\t\t\t\t<section class=\"elementor-section elementor-top-section elementor-element elementor-element-f07879f tstk-col-stretched-none tstk-bg-color-over-image elementor-section-boxed elementor-section-height-default elementor-section-height-default\" data-id=\"f07879f\" data-element_type=\"section\">\n\t\t\t\t\t\t<div class=\"elementor-container elementor-column-gap-no\">\n\t\t\t\t\t<div class=\"elementor-column elementor-col-100 elementor-top-column elementor-element elementor-element-9fa0836 tstk-bg-color-over-image\" data-id=\"9fa0836\" data-element_type=\"column\">\n\t\t\t<div class=\"elementor-widget-wrap elementor-element-populated\">\n\t\t\t\t\t\t<div class=\"elementor-element elementor-element-39bc241 tstk-align-left elementor-widget elementor-widget-tstk_heading\" data-id=\"39bc241\" data-element_type=\"widget\" data-widget_type=\"tstk_heading.default\">\n\t\t\t\t<div class=\"elementor-widget-container\">\n\t\t\t\t<div class=\"tstk-heading-subheading left-align \"><h2 class=\"tstk-element-title\">\r\n\t\t\t\r\n\t\t\t\tEscr\u00edbanos y en breve uno de nuestros ejecutivos de proyecto se pondr\u00e1 en contacto\r\n\t\t\t\r\n\t\t\t<\/h2>\r\n\t\t<\/div>\t\t<\/div>\n\t\t\t\t<\/div>\n\t\t\t\t\t<\/div>\n\t\t<\/div>\n\t\t\t\t\t<\/div>\n\t\t<\/section>\n\t\t\t\t<section class=\"elementor-section elementor-top-section elementor-element elementor-element-880706a tstk-col-stretched-right elementor-section-stretched tstk-margin-zero tstk-bg-color-over-image elementor-section-boxed elementor-section-height-default elementor-section-height-default\" data-id=\"880706a\" data-element_type=\"section\" data-settings=\"{&quot;stretch_section&quot;:&quot;section-stretched&quot;}\">\n\t\t\t\t\t\t<div class=\"elementor-container elementor-column-gap-no\">\n\t\t\t\t\t<div class=\"elementor-column elementor-col-33 elementor-top-column elementor-element elementor-element-f82c092 tstk-bg-color-yes tstk-elementor-bg-color-blackish tstk-text-color-white tstk-bg-color-over-image\" data-id=\"f82c092\" data-element_type=\"column\">\n\t\t\t<div class=\"elementor-widget-wrap elementor-element-populated\">\n\t\t\t\t\t\t<div class=\"elementor-element elementor-element-926aeb6 elementor-widget elementor-widget-tstk_icon_heading\" data-id=\"926aeb6\" data-element_type=\"widget\" data-widget_type=\"tstk_icon_heading.default\">\n\t\t\t\t<div class=\"elementor-widget-container\">\n\t\t\t<div class=\"tstk-ihbox tstk-ihbox-style-9\">\r\n<div class=\"tstk-ihbox-box d-flex align-items-center\">\r\n\t<div class=\"tstk-ihbox-icon\"><div class=\"tstk-ihbox-icon-wrapper\"><i class=\"tstk-industrey-icon tstk-industrey-icon-location\"><\/i><\/div><\/div>\t\r\n\t<div class=\"tstk-ihbox-contents\">\t\r\n\t\t<h2 class=\"tstk-element-title\">\r\n\t\t\t\t\t\r\n\t\t\t\t\t\tMatriz\r\n\t\t\t\t\t\r\n\t\t\t\t\t<\/h2>\r\n\t\t\t\t\t\r\n\t\t\t\t<div class=\"tstk-heading-desc\">Santa Fe, Tihuatlan-Veracruz, MX<\/div>\t\t\t<\/div><!-- .tstk-ihbox-contents -->\r\n<\/div><\/div>\t\t<\/div>\n\t\t\t\t<\/div>\n\t\t\t\t<div class=\"elementor-element elementor-element-9301b3b elementor-widget elementor-widget-tstk_icon_heading\" data-id=\"9301b3b\" data-element_type=\"widget\" data-widget_type=\"tstk_icon_heading.default\">\n\t\t\t\t<div class=\"elementor-widget-container\">\n\t\t\t<div class=\"tstk-ihbox tstk-ihbox-style-9\">\r\n<div class=\"tstk-ihbox-box d-flex align-items-center\">\r\n\t<div class=\"tstk-ihbox-icon\"><div class=\"tstk-ihbox-icon-wrapper\"><i class=\"tstk-industrey-icon tstk-industrey-icon-telephone\"><\/i><\/div><\/div>\t\r\n\t<div class=\"tstk-ihbox-contents\">\t\r\n\t\t<h2 class=\"tstk-element-title\">\r\n\t\t\t\t\t\r\n\t\t\t\t\t\tTel\u00e9fono\r\n\t\t\t\t\t\r\n\t\t\t\t\t<\/h2>\r\n\t\t\t\t\t\r\n\t\t\t\t<div class=\"tstk-heading-desc\">+(52) 222 481-8501<\/div>\t\t\t<\/div><!-- .tstk-ihbox-contents -->\r\n<\/div><\/div>\t\t<\/div>\n\t\t\t\t<\/div>\n\t\t\t\t<div class=\"elementor-element elementor-element-9001bf5 elementor-widget elementor-widget-tstk_icon_heading\" data-id=\"9001bf5\" data-element_type=\"widget\" data-widget_type=\"tstk_icon_heading.default\">\n\t\t\t\t<div class=\"elementor-widget-container\">\n\t\t\t<div class=\"tstk-ihbox tstk-ihbox-style-9\">\r\n<div class=\"tstk-ihbox-box d-flex align-items-center\">\r\n\t<div class=\"tstk-ihbox-icon\"><div class=\"tstk-ihbox-icon-wrapper\"><i class=\"tstk-industrey-icon tstk-industrey-icon-email\"><\/i><\/div><\/div>\t\r\n\t<div class=\"tstk-ihbox-contents\">\t\r\n\t\t<h2 class=\"tstk-element-title\">\r\n\t\t\t\t\t\r\n\t\t\t\t\t\tEmail \r\n\t\t\t\t\t\r\n\t\t\t\t\t<\/h2>\r\n\t\t\t\t\t\r\n\t\t\t\t<div class=\"tstk-heading-desc\">contact@highbury-energy.com<\/div>\t\t\t<\/div><!-- .tstk-ihbox-contents -->\r\n<\/div><\/div>\t\t<\/div>\n\t\t\t\t<\/div>\n\t\t\t\t\t<\/div>\n\t\t<\/div>\n\t\t\t\t<div class=\"elementor-column elementor-col-66 elementor-top-column elementor-element elementor-element-dcdf295 tstk-bg-color-yes tstk-elementor-bg-color-light tstk-bg-image-over-color\" data-id=\"dcdf295\" data-element_type=\"column\" data-settings=\"{&quot;background_background&quot;:&quot;classic&quot;}\">\n\t\t\t<div class=\"elementor-widget-wrap elementor-element-populated\">\n\t\t\t\t\t\t<div class=\"elementor-element elementor-element-cf2f0d3 elementor-widget elementor-widget-shortcode\" data-id=\"cf2f0d3\" data-element_type=\"widget\" data-widget_type=\"shortcode.default\">\n\t\t\t\t<div class=\"elementor-widget-container\">\n\t\t\t\t\t<div class=\"elementor-shortcode\">\n<div class=\"wpcf7 no-js\" id=\"wpcf7-f39-o1\" lang=\"en-US\" dir=\"ltr\">\n<div class=\"screen-reader-response\"><p role=\"status\" aria-live=\"polite\" aria-atomic=\"true\"><\/p> <ul><\/ul><\/div>\n<form action=\"\/index.php?rest_route=%2Fwp%2Fv2%2Fpages%2F59#wpcf7-f39-o1\" method=\"post\" class=\"wpcf7-form init\" aria-label=\"Contact form\" novalidate=\"novalidate\" data-status=\"init\">\n<div style=\"display: none;\">\n<input type=\"hidden\" name=\"_wpcf7\" value=\"39\" \/>\n<input type=\"hidden\" name=\"_wpcf7_version\" value=\"5.9.4\" \/>\n<input type=\"hidden\" name=\"_wpcf7_locale\" value=\"en_US\" \/>\n<input type=\"hidden\" name=\"_wpcf7_unit_tag\" value=\"wpcf7-f39-o1\" \/>\n<input type=\"hidden\" name=\"_wpcf7_container_post\" value=\"0\" \/>\n<input type=\"hidden\" name=\"_wpcf7_posted_data_hash\" value=\"\" \/>\n<\/div>\n<div class=\"main-form tstk-form-style-2\">\n\t<div class=\"row\">\n\t\t<div class=\"col-sm-6\">\n\t\t\t<div class=\"input-group\">\n\t\t\t\t<p><span class=\"wpcf7-form-control-wrap\" data-name=\"your-name\"><input size=\"40\" class=\"wpcf7-form-control wpcf7-text\" aria-invalid=\"false\" placeholder=\"Nombre\" value=\"\" type=\"text\" name=\"your-name\" \/><\/span>\n\t\t\t\t<\/p>\n\t\t\t<\/div>\n\t\t<\/div>\n\t\t<div class=\"col-sm-6\">\n\t\t\t<div class=\"input-group\">\n\t\t\t\t<p><span class=\"wpcf7-form-control-wrap\" data-name=\"email\"><input size=\"40\" class=\"wpcf7-form-control wpcf7-text\" aria-invalid=\"false\" placeholder=\"Email\" value=\"\" type=\"text\" name=\"email\" \/><\/span>\n\t\t\t\t<\/p>\n\t\t\t<\/div>\n\t\t<\/div>\n\t\t<div class=\"col-sm-6\">\n\t\t\t<div class=\"input-group\">\n\t\t\t\t<p><span class=\"wpcf7-form-control-wrap\" data-name=\"telefono\"><input size=\"40\" class=\"wpcf7-form-control wpcf7-text\" aria-invalid=\"false\" placeholder=\"Tel\u00e9fono\" value=\"\" type=\"text\" name=\"telefono\" \/><\/span>\n\t\t\t\t<\/p>\n\t\t\t<\/div>\n\t\t<\/div>\n\t\t<div class=\"col-sm-6\">\n\t\t\t<div class=\"input-group\">\n\t\t\t\t<p><span class=\"wpcf7-form-control-wrap\" data-name=\"ciudad\"><input size=\"40\" class=\"wpcf7-form-control wpcf7-text\" aria-invalid=\"false\" placeholder=\"Ciudad\" value=\"\" type=\"text\" name=\"ciudad\" \/><\/span>\n\t\t\t\t<\/p>\n\t\t\t<\/div>\n\t\t<\/div>\n\t\t<div class=\"col-sm-12\">\n\t\t\t<div class=\"input-group\">\n\t\t\t\t<p><span class=\"wpcf7-form-control-wrap\" data-name=\"message\"><textarea cols=\"40\" rows=\"5\" class=\"wpcf7-form-control wpcf7-textarea\" aria-invalid=\"false\" placeholder=\"Mensaje\" name=\"message\"><\/textarea><\/span>\n\t\t\t\t<\/p>\n\t\t\t<\/div>\n\t\t<\/div>\n\t\t<div class=\"col-lg-6 col-md-12\">\n\t\t\t<div class=\"input-group input-button\">\n\t\t\t\t<p><button id='submit' class='wpcf7-form-control wpcf7-submit'><span>Enviar<\/span><\/button>\n\t\t\t\t<\/p>\n\t\t\t<\/div>\n\t\t<\/div>\n\t<\/div>\n<\/div><div class=\"wpcf7-response-output\" aria-hidden=\"true\"><\/div>\n<\/form>\n<\/div>\n<\/div>\n\t\t\t\t<\/div>\n\t\t\t\t<\/div>\n\t\t\t\t\t<\/div>\n\t\t<\/div>\n\t\t\t\t\t<\/div>\n\t\t<\/section>\n\t\t\t\t<\/div>\n\t\t","protected":false},"excerpt":{"rendered":"<p>Escr\u00edbanos y en breve uno de nuestros ejecutivos de proyecto se pondr\u00e1 en contacto Matriz Santa Fe, Tihuatlan-Veracruz, MX Tel\u00e9fono +(52) 222 481-8501 Email contact@highbury-energy.com<\/p>\n","protected":false},"author":1,"featured_media":0,"parent":0,"menu_order":14,"comment_status":"closed","ping_status":"closed","template":"","meta":{"_acf_changed":false,"footnotes":""},"class_list":["post-59","page","type-page","status-publish","hentry"],"acf":[],"lang":"es","translations":{"en":470,"es":59},"pll_sync_post":[],"_links":{"self":[{"href":"https:\/\/highbury-energy.com\/index.php?rest_route=\/wp\/v2\/pages\/59","targetHints":{"allow":["GET"]}}],"collection":[{"href":"https:\/\/highbury-energy.com\/index.php?rest_route=\/wp\/v2\/pages"}],"about":[{"href":"https:\/\/highbury-energy.com\/index.php?rest_route=\/wp\/v2\/types\/page"}],"author":[{"embeddable":true,"href":"https:\/\/highbury-energy.com\/index.php?rest_route=\/wp\/v2\/users\/1"}],"replies":[{"embeddable":true,"href":"https:\/\/highbury-energy.com\/index.php?rest_route=%2Fwp%2Fv2%2Fcomments&post=59"}],"version-history":[{"count":4,"href":"https:\/\/highbury-energy.com\/index.php?rest_route=\/wp\/v2\/pages\/59\/revisions"}],"predecessor-version":[{"id":375,"href":"https:\/\/highbury-energy.com\/index.php?rest_route=\/wp\/v2\/pages\/59\/revisions\/375"}],"wp:attachment":[{"href":"https:\/\/highbury-energy.com\/index.php?rest_route=%2Fwp%2Fv2%2Fmedia&parent=59"}],"curies":[{"name":"wp","href":"https:\/\/api.w.org\/{rel}","templated":true}]}}