{"id":65,"date":"2020-05-21T03:20:11","date_gmt":"2020-05-21T03:20:11","guid":{"rendered":"http:\/\/industrey-demo.pbminfotech.com\/?page_id=12149"},"modified":"2023-05-23T22:37:56","modified_gmt":"2023-05-23T22:37:56","slug":"inicio","status":"publish","type":"page","link":"https:\/\/highbury-energy.com\/","title":{"rendered":"Inicio"},"content":{"rendered":"\t\t<div data-elementor-type=\"wp-page\" data-elementor-id=\"65\" class=\"elementor elementor-65\">\n\t\t\t\t\t\t<section class=\"elementor-section elementor-top-section elementor-element elementor-element-c917af9 tstk-bg-color-yes tstk-elementor-bg-color-white tstk-col-stretched-none tstk-bg-color-over-image elementor-section-boxed elementor-section-height-default elementor-section-height-default\" data-id=\"c917af9\" data-element_type=\"section\">\n\t\t\t\t\t\t<div class=\"elementor-container elementor-column-gap-no\">\n\t\t\t\t\t<div class=\"elementor-column elementor-col-50 elementor-top-column elementor-element elementor-element-c08a5db tstk-bg-color-over-image\" data-id=\"c08a5db\" data-element_type=\"column\">\n\t\t\t<div class=\"elementor-widget-wrap elementor-element-populated\">\n\t\t\t\t\t\t<div class=\"elementor-element elementor-element-b5f72d7 tstk-align-left elementor-widget elementor-widget-tstk_heading\" data-id=\"b5f72d7\" data-element_type=\"widget\" data-widget_type=\"tstk_heading.default\">\n\t\t\t\t<div class=\"elementor-widget-container\">\n\t\t\t\t<div class=\"tstk-heading-subheading left-align tstk-reverse-heading-yes\"><h4 class=\"tstk-element-subtitle\">\r\n\t\t\t\r\n\t\t\t\tBienvenidos\r\n\t\t\t\r\n\t\t\t<\/h4>\r\n\t\t<h2 class=\"tstk-element-title\">\r\n\t\t\t\r\n\t\t\t\tHighbury Energy\r\n\t\t\t\r\n\t\t\t<\/h2>\r\n\t\t<\/div>\t\t<\/div>\n\t\t\t\t<\/div>\n\t\t\t\t<div class=\"elementor-element elementor-element-9b57978 tstk-align-left elementor-widget elementor-widget-tstk_heading\" data-id=\"9b57978\" data-element_type=\"widget\" data-widget_type=\"tstk_heading.default\">\n\t\t\t\t<div class=\"elementor-widget-container\">\n\t\t\t\t<div class=\"tstk-heading-subheading left-align tstk-reverse-heading-yes\"><div class=\"tstk-heading-desc\">Somos una empresa mexicana prestadora de servicios a la industria del petr\u00f3leo y del gas. Nuestra misi\u00f3n es proveer servicios petroleros de excelencia, manteniendo un entorno seguro para nuestros empleados y nuestros clientes y siendo muy respetuosos con las comunidades y con el medio ambiente.\nNuestra visi\u00f3n es ser una compa\u00f1\u00eda preferida por nuestros clientes al ofrecerles las mejores herramientas, tecnolog\u00edas y productos disponibles en el mercado.\nHighbury desarrolla el personal, herramientas y los procedimientos necesarios para prestar servicios en los pozos m\u00e1s complejos y con mayores retos.<\/div><\/div>\t\t<\/div>\n\t\t\t\t<\/div>\n\t\t\t\t\t<\/div>\n\t\t<\/div>\n\t\t\t\t<div class=\"elementor-column elementor-col-50 elementor-top-column elementor-element elementor-element-3fe0b1a tstk-bg-color-over-image\" data-id=\"3fe0b1a\" data-element_type=\"column\">\n\t\t\t<div class=\"elementor-widget-wrap elementor-element-populated\">\n\t\t\t\t\t\t<div class=\"elementor-element elementor-element-62bb75e tstk-img-effect-01 elementor-widget elementor-widget-image\" data-id=\"62bb75e\" data-element_type=\"widget\" data-widget_type=\"image.default\">\n\t\t\t\t<div class=\"elementor-widget-container\">\n\t\t\t\t\t\t\t\t\t\t\t\t\t<img fetchpriority=\"high\" decoding=\"async\" width=\"500\" height=\"632\" src=\"https:\/\/highbury-energy.com\/wp-content\/uploads\/2023\/05\/highbury_banner_500x632.jpeg\" class=\"attachment-full size-full wp-image-270\" alt=\"\" srcset=\"https:\/\/highbury-energy.com\/wp-content\/uploads\/2023\/05\/highbury_banner_500x632.jpeg 500w, https:\/\/highbury-energy.com\/wp-content\/uploads\/2023\/05\/highbury_banner_500x632-237x300.jpeg 237w\" sizes=\"(max-width: 500px) 100vw, 500px\" \/>\t\t\t\t\t\t\t\t\t\t\t\t\t<\/div>\n\t\t\t\t<\/div>\n\t\t\t\t\t<\/div>\n\t\t<\/div>\n\t\t\t\t\t<\/div>\n\t\t<\/section>\n\t\t\t\t<div class=\"elementor-section elementor-top-section elementor-element elementor-element-ed0a97a tstk-bg-color-yes tstk-elementor-bg-color-blackish tstk-text-color-white elementor-section-stretched tstk-col-stretched-none tstk-bg-color-over-image elementor-section-boxed elementor-section-height-default elementor-section-height-default\" data-id=\"ed0a97a\" data-element_type=\"section\" data-settings=\"{&quot;stretch_section&quot;:&quot;section-stretched&quot;}\">\n\t\t\t\t\t\t<div class=\"elementor-container elementor-column-gap-no\">\n\t\t\t\t\t<div class=\"elementor-column elementor-col-100 elementor-top-column elementor-element elementor-element-2d4cb01 tstk-bg-color-over-image\" data-id=\"2d4cb01\" data-element_type=\"column\">\n\t\t\t<div class=\"elementor-widget-wrap elementor-element-populated\">\n\t\t\t\t\t\t<section class=\"elementor-section elementor-inner-section elementor-element elementor-element-8d85de4 tstk-col-stretched-none tstk-bg-color-over-image elementor-section-boxed elementor-section-height-default elementor-section-height-default\" data-id=\"8d85de4\" data-element_type=\"section\">\n\t\t\t\t\t\t<div class=\"elementor-container elementor-column-gap-no\">\n\t\t\t\t\t<div class=\"elementor-column elementor-col-50 elementor-inner-column elementor-element elementor-element-08277e4 tstk-bg-color-over-image\" data-id=\"08277e4\" data-element_type=\"column\">\n\t\t\t<div class=\"elementor-widget-wrap elementor-element-populated\">\n\t\t\t\t\t\t<div class=\"elementor-element elementor-element-3db37bc tstk-align-left elementor-widget elementor-widget-tstk_heading\" data-id=\"3db37bc\" data-element_type=\"widget\" data-widget_type=\"tstk_heading.default\">\n\t\t\t\t<div class=\"elementor-widget-container\">\n\t\t\t\t<div class=\"tstk-heading-subheading left-align tstk-reverse-heading-yes\"><h4 class=\"tstk-element-subtitle\">\r\n\t\t\t\r\n\t\t\t\tNuestros N\u00fameros\r\n\t\t\t\r\n\t\t\t<\/h4>\r\n\t\t<\/div>\t\t<\/div>\n\t\t\t\t<\/div>\n\t\t\t\t\t<\/div>\n\t\t<\/div>\n\t\t\t\t<div class=\"elementor-column elementor-col-50 elementor-inner-column elementor-element elementor-element-b0ab206 tstk-bg-color-over-image\" data-id=\"b0ab206\" data-element_type=\"column\">\n\t\t\t<div class=\"elementor-widget-wrap elementor-element-populated\">\n\t\t\t\t\t\t<div class=\"elementor-element elementor-element-a518652 tstk-align-left elementor-widget elementor-widget-tstk_heading\" data-id=\"a518652\" data-element_type=\"widget\" data-widget_type=\"tstk_heading.default\">\n\t\t\t\t<div class=\"elementor-widget-container\">\n\t\t\t\t<div class=\"tstk-heading-subheading left-align tstk-reverse-heading-yes\"><h2 class=\"tstk-element-title\">\r\n\t\t\t\r\n\t\t\t\tTenemos m\u00e1s de 9 a\u00f1os de experiencia prestando servicios en la industria petrolera\n\r\n\t\t\t\r\n\t\t\t<\/h2>\r\n\t\t<\/div>\t\t<\/div>\n\t\t\t\t<\/div>\n\t\t\t\t\t<\/div>\n\t\t<\/div>\n\t\t\t\t\t<\/div>\n\t\t<\/section>\n\t\t\t\t<section class=\"elementor-section elementor-inner-section elementor-element elementor-element-5e954df tstk-col-stretched-none tstk-bg-color-over-image elementor-section-boxed elementor-section-height-default elementor-section-height-default\" data-id=\"5e954df\" data-element_type=\"section\">\n\t\t\t\t\t\t<div class=\"elementor-container elementor-column-gap-no\">\n\t\t\t\t\t<div class=\"elementor-column elementor-col-25 elementor-inner-column elementor-element elementor-element-17e480d tstk-bg-color-over-image\" data-id=\"17e480d\" data-element_type=\"column\">\n\t\t\t<div class=\"elementor-widget-wrap elementor-element-populated\">\n\t\t\t\t\t\t<div class=\"elementor-element elementor-element-b9b4e40 elementor-widget elementor-widget-tstk_fid_element\" data-id=\"b9b4e40\" data-element_type=\"widget\" data-widget_type=\"tstk_fid_element.default\">\n\t\t\t\t<div class=\"elementor-widget-container\">\n\t\t\t<div class=\"themestek-ele themestek-ele-fid themestek-ele-fid-style-1 \"><div class=\"tstk-fld-contents\">\r\n\t<div class=\"tstk-sbox-icon-wrapper\"><i class=\"fas fa-star\"><\/i><\/div>\t<div class=\"tstk-fld-wrap\">\r\n\t\t<h4 class=\"tstk-fid-inner\">\r\n\t\t\t\t\t\t<span class=\"tstk-number-rotate\" data-appear-animation=\"animateDigits\" data-from=\"0\" data-to=\"20\" data-interval=\"5\" data-before=\"\" data-before-style=\"\" data-after=\"\" data-after-style=\"\">\r\n\t\t\t20\t\t\t<\/span><span class=\"tstk-fid\"><\/span>\r\n\t\t<\/h4>\r\n\t\t\t\t<div class=\"tstk-fid-contents\">\r\n\t\t\t\t\t\t<div class=\"tstk-fid-title\"><span>+20 de clientes<br \/><\/span><\/div>\r\n\t\t<\/div>\r\n\t\t\t<\/div>\r\n<\/div><!-- .tstk-fld-contents -->\r\n<\/div>\t\t<\/div>\n\t\t\t\t<\/div>\n\t\t\t\t\t<\/div>\n\t\t<\/div>\n\t\t\t\t<div class=\"elementor-column elementor-col-25 elementor-inner-column elementor-element elementor-element-03ccbdf tstk-bg-color-over-image\" data-id=\"03ccbdf\" data-element_type=\"column\">\n\t\t\t<div class=\"elementor-widget-wrap elementor-element-populated\">\n\t\t\t\t\t\t<div class=\"elementor-element elementor-element-00e3108 elementor-widget elementor-widget-tstk_fid_element\" data-id=\"00e3108\" data-element_type=\"widget\" data-widget_type=\"tstk_fid_element.default\">\n\t\t\t\t<div class=\"elementor-widget-container\">\n\t\t\t<div class=\"themestek-ele themestek-ele-fid themestek-ele-fid-style-1 \"><div class=\"tstk-fld-contents\">\r\n\t<div class=\"tstk-sbox-icon-wrapper\"><i class=\"fas fa-star\"><\/i><\/div>\t<div class=\"tstk-fld-wrap\">\r\n\t\t<h4 class=\"tstk-fid-inner\">\r\n\t\t\t\t\t\t<span class=\"tstk-number-rotate\" data-appear-animation=\"animateDigits\" data-from=\"0\" data-to=\"277\" data-interval=\"5\" data-before=\"\" data-before-style=\"\" data-after=\"\" data-after-style=\"\">\r\n\t\t\t277\t\t\t<\/span><span class=\"tstk-fid\"><\/span>\r\n\t\t<\/h4>\r\n\t\t\t\t<div class=\"tstk-fid-contents\">\r\n\t\t\t\t\t\t<div class=\"tstk-fid-title\"><span>operaciones del 2020 <br \/>a la fecha<\/span><\/div>\r\n\t\t<\/div>\r\n\t\t\t<\/div>\r\n<\/div><!-- .tstk-fld-contents -->\r\n<\/div>\t\t<\/div>\n\t\t\t\t<\/div>\n\t\t\t\t\t<\/div>\n\t\t<\/div>\n\t\t\t\t<div class=\"elementor-column elementor-col-25 elementor-inner-column elementor-element elementor-element-4fca4fe tstk-bg-color-over-image\" data-id=\"4fca4fe\" data-element_type=\"column\">\n\t\t\t<div class=\"elementor-widget-wrap elementor-element-populated\">\n\t\t\t\t\t\t<div class=\"elementor-element elementor-element-ba5b39e elementor-widget elementor-widget-tstk_fid_element\" data-id=\"ba5b39e\" data-element_type=\"widget\" data-widget_type=\"tstk_fid_element.default\">\n\t\t\t\t<div class=\"elementor-widget-container\">\n\t\t\t<div class=\"themestek-ele themestek-ele-fid themestek-ele-fid-style-1 \"><div class=\"tstk-fld-contents\">\r\n\t<div class=\"tstk-sbox-icon-wrapper\"><i class=\"fas fa-star\"><\/i><\/div>\t<div class=\"tstk-fld-wrap\">\r\n\t\t<h4 class=\"tstk-fid-inner\">\r\n\t\t\t\t\t\t<span class=\"tstk-number-rotate\" data-appear-animation=\"animateDigits\" data-from=\"0\" data-to=\"4\" data-interval=\"5\" data-before=\"\" data-before-style=\"\" data-after=\"\" data-after-style=\"\">\r\n\t\t\t4\t\t\t<\/span><span class=\"tstk-fid\"><\/span>\r\n\t\t<\/h4>\r\n\t\t\t\t<div class=\"tstk-fid-contents\">\r\n\t\t\t\t\t\t<div class=\"tstk-fid-title\"><span>bases operativas<\/span><\/div>\r\n\t\t<\/div>\r\n\t\t\t<\/div>\r\n<\/div><!-- .tstk-fld-contents -->\r\n<\/div>\t\t<\/div>\n\t\t\t\t<\/div>\n\t\t\t\t\t<\/div>\n\t\t<\/div>\n\t\t\t\t<div class=\"elementor-column elementor-col-25 elementor-inner-column elementor-element elementor-element-3d96988 tstk-bg-color-over-image\" data-id=\"3d96988\" data-element_type=\"column\">\n\t\t\t<div class=\"elementor-widget-wrap elementor-element-populated\">\n\t\t\t\t\t\t<div class=\"elementor-element elementor-element-eb8f583 elementor-widget elementor-widget-tstk_fid_element\" data-id=\"eb8f583\" data-element_type=\"widget\" data-widget_type=\"tstk_fid_element.default\">\n\t\t\t\t<div class=\"elementor-widget-container\">\n\t\t\t<div class=\"themestek-ele themestek-ele-fid themestek-ele-fid-style-1 \"><div class=\"tstk-fld-contents\">\r\n\t<div class=\"tstk-sbox-icon-wrapper\"><i class=\"fas fa-star\"><\/i><\/div>\t<div class=\"tstk-fld-wrap\">\r\n\t\t<h4 class=\"tstk-fid-inner\">\r\n\t\t\t\t\t\t<span class=\"tstk-number-rotate\" data-appear-animation=\"animateDigits\" data-from=\"0\" data-to=\"4\" data-interval=\"5\" data-before=\"\" data-before-style=\"\" data-after=\"\" data-after-style=\"\">\r\n\t\t\t4\t\t\t<\/span><span class=\"tstk-fid\"><\/span>\r\n\t\t<\/h4>\r\n\t\t\t\t<div class=\"tstk-fid-contents\">\r\n\t\t\t\t\t\t<div class=\"tstk-fid-title\"><span>certificaciones ISO<\/span><\/div>\r\n\t\t<\/div>\r\n\t\t\t<\/div>\r\n<\/div><!-- .tstk-fld-contents -->\r\n<\/div>\t\t<\/div>\n\t\t\t\t<\/div>\n\t\t\t\t\t<\/div>\n\t\t<\/div>\n\t\t\t\t\t<\/div>\n\t\t<\/section>\n\t\t\t\t<div class=\"elementor-section elementor-inner-section elementor-element elementor-element-1025f2d tstk-col-stretched-none tstk-bg-color-over-image elementor-section-boxed elementor-section-height-default elementor-section-height-default\" data-id=\"1025f2d\" data-element_type=\"section\">\n\t\t\t\t\t\t<div class=\"elementor-container elementor-column-gap-no\">\n\t\t\t\t\t<div class=\"elementor-column elementor-col-100 elementor-inner-column elementor-element elementor-element-bc118aa tstk-bg-color-over-image\" data-id=\"bc118aa\" data-element_type=\"column\">\n\t\t\t<div class=\"elementor-widget-wrap elementor-element-populated\">\n\t\t\t\t\t\t<div class=\"elementor-element elementor-element-321011e elementor-widget elementor-widget-tstk_static_box_element\" data-id=\"321011e\" data-element_type=\"widget\" data-widget_type=\"tstk_static_box_element.default\">\n\t\t\t\t<div class=\"elementor-widget-container\">\n\t\t\t\r\n\t\t<div class=\"themestek-element themestek-element-static-box tstk-element-static-box-style-1 themestek-element-viewtype-carousel tstk-infinite-scroll-no tstk-infinite-scroll-button-no\" data-cpt=\"static-box\" data-totalpagination=\"1\" data-style=\"1\" data-show=\"3\" data-columns=\"1\" data-loop=\"false\" data-autoplay=\"false\" data-center=\"false\" data-nav=\"false\" data-dots=\"true\" data-autoplayspeed=\"1000\" data-lasthalf=\"false\" data-margin=\"\"><div class=\"themestek-element-inner\">\t<div class=\"tstk-heading-subheading left-align \"><\/div>\r\n\t\t<div class=\"tstk-element-posts-wrapper row multi-columns-row\">\r\n\r\n\t\t<article class=\"tstk-ele tstk-ele-static-box tstk-static-box-style-1 col-md-12   \"><div class=\"tstk-imgbox\">\r\n\t<img decoding=\"async\" src=\"https:\/\/highbury-energy.com\/wp-content\/uploads\/2023\/05\/highbury_banner_1170.jpeg\" alt=\"Certificacion ASIC\" \/><\/div>\r\n<div class=\"tstk-contentbox\">\r\n\t<div class=\"themestek-box-title\"><h4>Certificacion ASIC<\/h4><\/div>\t<div class=\"themestek-static-box-desc\"><p>Servicios de:<\/p><ol><li>Agujero entubado con unidad de registros el\u00e9ctricos<\/li><li>Recuperaci\u00f3n de tuber\u00edas y disparos de producci\u00f3n en pozos petroleros, geot\u00e9rmicos terrestres y costa afuera.<\/li><\/ol><\/div><\/div><\/article>\r\n\t\t<\/div>\r\n\r\n\t\t<\/div><!-- .themestek-element-inner -->   <\/div><!-- .themestek-element -->  \r\n\t    \t\t<\/div>\n\t\t\t\t<\/div>\n\t\t\t\t\t<\/div>\n\t\t<\/div>\n\t\t\t\t\t<\/div>\n\t\t<\/div>\n\t\t\t\t\t<\/div>\n\t\t<\/div>\n\t\t\t\t\t<\/div>\n\t\t<\/div>\n\t\t\t\t<section class=\"elementor-section elementor-top-section elementor-element elementor-element-ac9d472 tstk-col-stretched-right tstk-right-col-stretched-content-yes tstk-bg-color-yes tstk-elementor-bg-color-light elementor-section-stretched tstk-bg-image-over-color elementor-section-boxed elementor-section-height-default elementor-section-height-default\" data-id=\"ac9d472\" data-element_type=\"section\" data-settings=\"{&quot;stretch_section&quot;:&quot;section-stretched&quot;,&quot;background_background&quot;:&quot;classic&quot;}\">\n\t\t\t\t\t\t<div class=\"elementor-container elementor-column-gap-no\">\n\t\t\t\t\t<div class=\"elementor-column elementor-col-50 elementor-top-column elementor-element elementor-element-e3f6957 tstk-bg-color-over-image\" data-id=\"e3f6957\" data-element_type=\"column\">\n\t\t\t<div class=\"elementor-widget-wrap elementor-element-populated\">\n\t\t\t\t\t\t<div class=\"elementor-element elementor-element-4326ecf tstk-align-left elementor-widget elementor-widget-tstk_heading\" data-id=\"4326ecf\" data-element_type=\"widget\" data-widget_type=\"tstk_heading.default\">\n\t\t\t\t<div class=\"elementor-widget-container\">\n\t\t\t\t<div class=\"tstk-heading-subheading left-align tstk-reverse-heading-yes\"><h4 class=\"tstk-element-subtitle\">\r\n\t\t\t\r\n\t\t\t\tNosotros\r\n\t\t\t\r\n\t\t\t<\/h4>\r\n\t\t<h2 class=\"tstk-element-title\">\r\n\t\t\t\r\n\t\t\t\tEmpresa Mexicana con m\u00e1s de 9 a\u00f1os de experiencia prestando servicios al sector petrolero en M\u00e9xico.\n\r\n\t\t\t\r\n\t\t\t<\/h2>\r\n\t\t<\/div>\t\t<\/div>\n\t\t\t\t<\/div>\n\t\t\t\t<div class=\"elementor-element elementor-element-234e253 elementor-widget elementor-widget-tstk_tabs_element\" data-id=\"234e253\" data-element_type=\"widget\" data-widget_type=\"tstk_tabs_element.default\">\n\t\t\t\t<div class=\"elementor-widget-container\">\n\t\t\t\r\n\t\t<div class=\"tstk-tabs\">\r\n\t\t\t\t\t\t<ul class=\"tstk-tabs-heading\">\r\n\t\t\t\t\t\t\t\t\t\r\n\t\t\t\t\t\r\n\t\t\t\t<li class=\"tstk-tab-link tstk-tab-li-active\" data-tstk-tab=\"1\"><span>Misi\u00f3n<\/span><\/li>\r\n\t\t\t\t\t\t\t\t\t\r\n\t\t\t\t\t\r\n\t\t\t\t<li class=\"tstk-tab-link \" data-tstk-tab=\"2\"><span>Visi\u00f3n<\/span><\/li>\r\n\t\t\t\t\t\t\t<\/ul>\r\n\r\n\t\t\t<div class=\"tstk-tab-content-wrapper\">\r\n\t\t\t\t\t\t\t\t\t\t\t\t\t\t<div class=\"tstk-tab-content tstk-tab-content-1 tstk-tab-active\">\r\n\t\t\t\t\t\t\t\t\t\t\t\t<div class=\"tstk-tab-content-title\" data-tstk-tab=\"1\">Misi\u00f3n<\/div>\r\n\t\t\t\t\t\t<div class=\"tstk-tab-content-inner\">\r\n\t\t\t\t\t\t\t<div class=\"tstk-tabs-inner\">\n<div class=\"row\">\n<div class=\"col-md-6 tstk-tab-img-wrapper\"><img decoding=\"async\" src=\"https:\/\/highbury-energy.com\/wp-content\/uploads\/2023\/05\/unnamed.jpeg\" alt=\"\" \/><\/div>\n<div class=\"col-md-6 tstk-tab-content-wrapper negro\">\n\nProveer de servicios petroleros seguros y eficientes al mercado energ\u00e9tico nacional, apoy\u00e1ndonos en nuevas tecnolog\u00edas y maquinaria de \u00faltima generaci\u00f3n con la finalidad de alcanzar la m\u00e1s alta calidad en nuestros servicios.\n\n<\/div>\n<\/div>\n<\/div>\t\t\t\t\t\t<\/div>\r\n\t\t\t\t\t<\/div>\r\n\t\t\t\t\t\t\t\t\t\t\t\t\t\t<div class=\"tstk-tab-content tstk-tab-content-2 \">\r\n\t\t\t\t\t\t\t\t\t\t\t\t<div class=\"tstk-tab-content-title\" data-tstk-tab=\"2\">Visi\u00f3n<\/div>\r\n\t\t\t\t\t\t<div class=\"tstk-tab-content-inner\">\r\n\t\t\t\t\t\t\t<div class=\"tstk-tabs-inner\">\n<div class=\"row\">\n<div class=\"col-md-6 tstk-tab-img-wrapper\"><img decoding=\"async\" src=\"https:\/\/highbury-energy.com\/wp-content\/uploads\/2023\/05\/unnamed.jpeg\" alt=\"\" width=\"255\" height=\"284\" \/><\/div>\n<div class=\"col-md-6 tstk-tab-content-wrapper negro\">\nSer una compa\u00f1\u00eda l\u00edder de servicios petroleros basados en un estricto enfoque de proveer \u00fanicamente lo mejor en: Personal, Procesos ,Equipo y Tecnolog\u00eda.\n\n<\/div>\n<\/div>\n<\/div>\t\t\t\t\t\t<\/div>\r\n\t\t\t\t\t<\/div>\r\n\t\t\t\t\t\t\t<\/div>\r\n\r\n\t\t\t\t    <\/div>\r\n\r\n\t    \t\t<\/div>\n\t\t\t\t<\/div>\n\t\t\t\t\t<\/div>\n\t\t<\/div>\n\t\t\t\t<div class=\"elementor-column elementor-col-50 elementor-top-column elementor-element elementor-element-7808806 tstk-bg-color-over-image\" data-id=\"7808806\" data-element_type=\"column\">\n\t\t\t<div class=\"elementor-widget-wrap elementor-element-populated\">\n\t\t\t\t\t\t<div class=\"elementor-element elementor-element-cbbde31 elementor-widget elementor-widget-image\" data-id=\"cbbde31\" data-element_type=\"widget\" data-widget_type=\"image.default\">\n\t\t\t\t<div class=\"elementor-widget-container\">\n\t\t\t\t\t\t\t\t\t\t\t\t\t<img decoding=\"async\" src=\"https:\/\/highbury-energy.com\/wp-content\/uploads\/elementor\/thumbs\/highbury_banner_448_700-q67zrxd0qdz3tc6aj74higfermq62r9dl41s94oy8o.jpeg\" title=\"highbury_banner_448_700\" alt=\"highbury_banner_448_700\" loading=\"lazy\" \/>\t\t\t\t\t\t\t\t\t\t\t\t\t<\/div>\n\t\t\t\t<\/div>\n\t\t\t\t<div class=\"elementor-element elementor-element-b2853a0 elementor-widget__width-auto elementor-absolute tstk-ihbox-style-4-absolute elementor-widget elementor-widget-tstk_icon_heading\" data-id=\"b2853a0\" data-element_type=\"widget\" data-settings=\"{&quot;_position&quot;:&quot;absolute&quot;}\" data-widget_type=\"tstk_icon_heading.default\">\n\t\t\t\t<div class=\"elementor-widget-container\">\n\t\t\t<div class=\"tstk-ihbox tstk-ihbox-style-4\"><div class=\"tstk-ihbox-box\">\r\n\t<div class=\"tstk-ihbox-headingicon d-flex align-items-center\">\r\n\t\t<div class=\"tstk-ihbox-icon\"><div class=\"tstk-ihbox-icon-wrapper tstk-ihbox-icon-type-image\"><img decoding=\"async\" src=\"https:\/\/highbury-energy.com\/wp-content\/uploads\/2023\/05\/WhatsApp-Image-2023-05-09-at-1.17.36-PM.jpeg\" alt=\"El mejor personal &lt;br&gt;con experiencia y formaci\u00f3n\" \/><\/div><\/div>\t\t<div class=\"tstk-ihbox-contents\">\r\n\t\t\t<h2 class=\"tstk-element-title\">\r\n\t\t\t\t\t\r\n\t\t\t\t\t\tEl mejor personal <br>con experiencia y formaci\u00f3n\r\n\t\t\t\t\t\r\n\t\t\t\t\t<\/h2>\r\n\t\t\t\t\t\t\t\t\t\t\t\t\t\t\t<\/div><!-- .tstk-ihbox-contents -->\r\n\t<\/div>\r\n<\/div>\r\n<\/div>\t\t<\/div>\n\t\t\t\t<\/div>\n\t\t\t\t\t<\/div>\n\t\t<\/div>\n\t\t\t\t\t<\/div>\n\t\t<\/section>\n\t\t\t\t<section class=\"elementor-section elementor-top-section elementor-element elementor-element-a1f24e6 elementor-section-full_width elementor-section-stretched tstk-col-stretched-none tstk-bg-color-over-image elementor-section-height-default elementor-section-height-default\" data-id=\"a1f24e6\" data-element_type=\"section\" data-settings=\"{&quot;stretch_section&quot;:&quot;section-stretched&quot;}\">\n\t\t\t\t\t\t<div class=\"elementor-container elementor-column-gap-no\">\n\t\t\t\t\t<div class=\"elementor-column elementor-col-100 elementor-top-column elementor-element elementor-element-723459c tstk-bg-color-over-image\" data-id=\"723459c\" data-element_type=\"column\">\n\t\t\t<div class=\"elementor-widget-wrap\">\n\t\t\t\t\t\t\t<\/div>\n\t\t<\/div>\n\t\t\t\t\t<\/div>\n\t\t<\/section>\n\t\t\t\t<\/div>\n\t\t","protected":false},"excerpt":{"rendered":"<p>Bienvenidos Highbury Energy Somos una empresa mexicana prestadora de servicios a la industria del petr\u00f3leo y del gas. Nuestra misi\u00f3n es proveer servicios petroleros de excelencia, manteniendo un entorno seguro para nuestros empleados y nuestros clientes y siendo muy respetuosos con las comunidades y con el medio ambiente. Nuestra visi\u00f3n es ser una compa\u00f1\u00eda preferida por nuestros clientes al ofrecerles las mejores herramientas, tecnolog\u00edas y productos disponibles en el mercado.[&hellip;]<\/p>\n","protected":false},"author":1,"featured_media":0,"parent":0,"menu_order":0,"comment_status":"closed","ping_status":"closed","template":"","meta":{"_acf_changed":false,"footnotes":""},"class_list":["post-65","page","type-page","status-publish","hentry"],"acf":[],"lang":"es","translations":{"es":65,"en":379},"pll_sync_post":[],"_links":{"self":[{"href":"https:\/\/highbury-energy.com\/index.php?rest_route=\/wp\/v2\/pages\/65","targetHints":{"allow":["GET"]}}],"collection":[{"href":"https:\/\/highbury-energy.com\/index.php?rest_route=\/wp\/v2\/pages"}],"about":[{"href":"https:\/\/highbury-energy.com\/index.php?rest_route=\/wp\/v2\/types\/page"}],"author":[{"embeddable":true,"href":"https:\/\/highbury-energy.com\/index.php?rest_route=\/wp\/v2\/users\/1"}],"replies":[{"embeddable":true,"href":"https:\/\/highbury-energy.com\/index.php?rest_route=%2Fwp%2Fv2%2Fcomments&post=65"}],"version-history":[{"count":47,"href":"https:\/\/highbury-energy.com\/index.php?rest_route=\/wp\/v2\/pages\/65\/revisions"}],"predecessor-version":[{"id":528,"href":"https:\/\/highbury-energy.com\/index.php?rest_route=\/wp\/v2\/pages\/65\/revisions\/528"}],"wp:attachment":[{"href":"https:\/\/highbury-energy.com\/index.php?rest_route=%2Fwp%2Fv2%2Fmedia&parent=65"}],"curies":[{"name":"wp","href":"https:\/\/api.w.org\/{rel}","templated":true}]}}